{"id":8662,"date":"2020-07-10T16:49:10","date_gmt":"2020-07-10T16:49:10","guid":{"rendered":"http:\/\/esteribar.org\/esteribar.esp\/?page_id=8662"},"modified":"2021-11-12T18:12:23","modified_gmt":"2021-11-12T18:12:23","slug":"boletin-informativo-municipal-inscripcion","status":"publish","type":"page","link":"https:\/\/www.esteribar.org\/esteribar.esp\/boletin-informativo-municipal-inscripcion\/","title":{"rendered":"boletin.informativo.municipal.inscripcion"},"content":{"rendered":"<div class=\"vc_row wpb_row vc_row-fluid\"><div class=\"wpb_column vc_column_container vc_col-sm-12\"><div class=\"vc_column-inner\"><div class=\"wpb_wrapper\"><div class=\"vc_empty_space\"   style=\"height: 64px\"><span class=\"vc_empty_space_inner\"><\/span><\/div>\n\t<div class=\"wpb_text_column wpb_content_element ovic_vc_custom_618eae880afe5 \" >\n\t\t<div class=\"wpb_wrapper\">\n\t\t\t<div class=\"margin-top-40 section-title text-center\">\n<h3 style=\"color: #c99947; text-align: center;\">SUBCRIPCI\u00d3N BOLET\u00cdN INFORMATIVO MUNICIPAL<\/h3>\n<\/div>\n\n\t\t<\/div>\n\t<\/div>\n<div class=\"vc_empty_space\"   style=\"height: 64px\"><span class=\"vc_empty_space_inner\"><\/span><\/div><\/div><\/div><\/div><div class=\"wpb_column vc_column_container vc_col-sm-12\"><div class=\"vc_column-inner\"><div class=\"wpb_wrapper\">\n\t<div class=\"wpb_text_column wpb_content_element ovic_vc_custom_618eae880afe9 \" >\n\t\t<div class=\"wpb_wrapper\">\n\t\t\t<noscript class=\"ninja-forms-noscript-message\">\n\tAviso: Se requiere JavaScript para este contenido.<\/noscript>\n<div id=\"nf-form-5-cont\" class=\"nf-form-cont\" aria-live=\"polite\" aria-labelledby=\"nf-form-title-5\" aria-describedby=\"nf-form-errors-5\" role=\"form\">\n\n    <div class=\"nf-loading-spinner\"><\/div>\n\n<\/div>\n        <!-- That data is being printed as a workaround to page builders reordering the order of the scripts loaded-->\n        <script>var formDisplay=1;var nfForms=nfForms||[];var form=[];form.id='5';form.settings={\"objectType\":\"Form Setting\",\"editActive\":true,\"title\":\"Suscripci\\u00f3n Bolet\\u00edn Informativo\",\"show_title\":0,\"allow_public_link\":0,\"embed_form\":\"\",\"clear_complete\":1,\"hide_complete\":1,\"default_label_pos\":\"above\",\"wrapper_class\":\"\",\"element_class\":\"\",\"key\":\"\",\"add_submit\":1,\"currency\":\"\",\"unique_field_error\":\"A form with this value has already been submitted.\",\"logged_in\":false,\"not_logged_in_msg\":\"\",\"sub_limit_msg\":\"The form has reached its submission limit.\",\"calculations\":[],\"formContentData\":[\"nombre_y_apellidos_1594620355873\",\"dni_1594620388189\",\"correo_electronico_1594620403365\",\"enviar_1594620424867\"],\"changeEmailErrorMsg\":\"Introduce una direcci\\u00f3n de correo electr\\u00f3nico v\\u00e1lida.\",\"changeDateErrorMsg\":\"\\u00a1Introduce una fecha v\\u00e1lida!\",\"confirmFieldErrorMsg\":\"Estos campos deben coincidir.\",\"fieldNumberNumMinError\":\"Error de n\\u00famero m\\u00ednimo\",\"fieldNumberNumMaxError\":\"Error de n\\u00famero m\\u00e1ximo\",\"fieldNumberIncrementBy\":\"Increm\\u00e9ntalo por \",\"formErrorsCorrectErrors\":\"Corrige los errores antes de enviar este formulario.\",\"validateRequiredField\":\"Esto es un campo obligatorio.\",\"honeypotHoneypotError\":\"Error de Honeypot\",\"fieldsMarkedRequired\":\"Los campos marcados con <span class=\\\"ninja-forms-req-symbol\\\">*<\\\/span> son obligatorios\",\"drawerDisabled\":false,\"ninjaForms\":\"Ninja Forms\",\"fieldTextareaRTEInsertLink\":\"Insertar enlace\",\"fieldTextareaRTEInsertMedia\":\"Insertar medios\",\"fieldTextareaRTESelectAFile\":\"Seleccione un archivo\",\"formHoneypot\":\"Si eres un ser humano y est\\u00e1s viendo este campo, por favor d\\u00e9jalo vac\\u00edo.\",\"fileUploadOldCodeFileUploadInProgress\":\"Subida de archivo en curso.\",\"fileUploadOldCodeFileUpload\":\"SUBIDA DE ARCHIVO\",\"currencySymbol\":false,\"thousands_sep\":\".\",\"decimal_point\":\",\",\"siteLocale\":\"es_ES\",\"dateFormat\":\"m\\\/d\\\/Y\",\"startOfWeek\":\"1\",\"of\":\"de\",\"previousMonth\":\"Mes anterior\",\"nextMonth\":\"Pr\\u00f3ximo mes\",\"months\":[\"Enero\",\"Febrero\",\"Marzo\",\"Abril\",\"Mayo\",\"Junio\",\"Julio\",\"Agosto\",\"Septiembre\",\"Octubre\",\"Noviembre\",\"Diciembre\"],\"monthsShort\":[\"Ene\",\"Feb\",\"Mar\",\"Abr\",\"Mayo\",\"Jun\",\"Jul\",\"Ago\",\"Sep\",\"Oct\",\"Nov\",\"Dic\"],\"weekdays\":[\"Domingo\",\"Lunes\",\"Martes\",\"Mi\\u00e9rcoles\",\"Jueves\",\"Viernes\",\"S\\u00e1bado\"],\"weekdaysShort\":[\"Dom\",\"Lun\",\"Mar\",\"Mi\\u00e9\",\"Jue\",\"Vie\",\"S\\u00e1b\"],\"weekdaysMin\":[\"Do\",\"Lu\",\"Ma\",\"Mi\",\"Ju\",\"Vi\",\"S\\u00e1\"],\"recaptchaConsentMissing\":\"reCaptcha validation couldn&#039;t load.\",\"recaptchaMissingCookie\":\"reCaptcha v3 validation couldn&#039;t load the cookie needed to submit the form.\",\"recaptchaConsentEvent\":\"Accept reCaptcha cookies before sending the form.\",\"currency_symbol\":\"\",\"beforeForm\":\"\",\"beforeFields\":\"\",\"afterFields\":\"\",\"afterForm\":\"\"};form.fields=[{\"objectType\":\"Field\",\"objectDomain\":\"fields\",\"editActive\":false,\"order\":1,\"label\":\"NOMBRE Y APELLIDOS\",\"type\":\"firstname\",\"key\":\"nombre_y_apellidos_1594620355873\",\"label_pos\":\"above\",\"required\":1,\"default\":\"\",\"placeholder\":\"\",\"container_class\":\"\",\"element_class\":\"\",\"admin_label\":\"\",\"help_text\":\"\",\"custom_name_attribute\":\"fname\",\"personally_identifiable\":1,\"value\":\"\",\"drawerDisabled\":false,\"id\":55,\"beforeField\":\"\",\"afterField\":\"\",\"parentType\":\"firstname\",\"element_templates\":[\"firstname\",\"input\"],\"old_classname\":\"\",\"wrap_template\":\"wrap\"},{\"objectType\":\"Field\",\"objectDomain\":\"fields\",\"editActive\":false,\"order\":2,\"label\":\"DNI\",\"type\":\"textbox\",\"key\":\"dni_1594620388189\",\"label_pos\":\"above\",\"required\":1,\"default\":\"\",\"placeholder\":\"\",\"container_class\":\"\",\"element_class\":\"\",\"input_limit\":\"\",\"input_limit_type\":\"characters\",\"input_limit_msg\":\"Caracteres restantes\",\"manual_key\":false,\"admin_label\":\"\",\"help_text\":\"\",\"mask\":\"\",\"custom_mask\":\"\",\"custom_name_attribute\":\"\",\"personally_identifiable\":\"\",\"value\":\"\",\"drawerDisabled\":false,\"id\":56,\"beforeField\":\"\",\"afterField\":\"\",\"parentType\":\"textbox\",\"element_templates\":[\"textbox\",\"input\"],\"old_classname\":\"\",\"wrap_template\":\"wrap\"},{\"objectType\":\"Field\",\"objectDomain\":\"fields\",\"editActive\":false,\"order\":3,\"label\":\"CORREO ELECTR\\u00d3NICO\",\"type\":\"email\",\"key\":\"correo_electronico_1594620403365\",\"label_pos\":\"above\",\"required\":1,\"default\":\"\",\"placeholder\":\"\",\"container_class\":\"\",\"element_class\":\"\",\"admin_label\":\"\",\"help_text\":\"\",\"custom_name_attribute\":\"email\",\"personally_identifiable\":1,\"value\":\"\",\"drawerDisabled\":false,\"id\":57,\"beforeField\":\"\",\"afterField\":\"\",\"parentType\":\"email\",\"element_templates\":[\"email\",\"input\"],\"old_classname\":\"\",\"wrap_template\":\"wrap\"},{\"objectType\":\"Field\",\"objectDomain\":\"fields\",\"editActive\":false,\"order\":9999,\"type\":\"submit\",\"label\":\"ENVIAR\",\"processing_label\":\"Procesando\",\"container_class\":\"\",\"element_class\":\"\",\"key\":\"enviar_1594620424867\",\"drawerDisabled\":false,\"id\":58,\"beforeField\":\"\",\"afterField\":\"\",\"value\":\"\",\"label_pos\":\"above\",\"parentType\":\"textbox\",\"element_templates\":[\"submit\",\"button\",\"input\"],\"old_classname\":\"\",\"wrap_template\":\"wrap-no-label\"}];nfForms.push(form);<\/script>\n        \n\n\t\t<\/div>\n\t<\/div>\n<div class=\"vc_empty_space\"   style=\"height: 64px\"><span class=\"vc_empty_space_inner\"><\/span><\/div>\n\t<div class=\"wpb_raw_code wpb_content_element wpb_raw_html ovic_vc_custom_618eae880afec \" >\n\t\t<div class=\"wpb_wrapper\">\n\t\t\t<div class=\"col-sm-12\">\n    <div class=\"text-center\" >\n        <table class=\"group-product table text-center\">\n            <tr>\n                <td>\n                    <div align=\"left\">\n                    <strong>RESPONSABLE:<\/strong>\n                    <\/div>\n                <\/td>\n                <td>\n                    <div align=\"left\">\n                    Ayuntamiento de Esteribar.<\/br>\n                    <\/div>\n                <\/td>\n            <\/tr>\n            <tr>\n                <td>\n                    <div align=\"left\">\n                    <strong>FINALIDAD:<\/strong>\n                    <\/div>\n                <\/td>\n                <td>\n                    <div align=\"left\">\n                    Atender las consultas y sugerencias de la ciudadan\u00eda.<\/br>\n                    <\/div>\n                <\/td>\n            <\/tr>\n            <tr>\n                <td>\n                    <div align=\"left\">\n                    <strong>DERECHOS:<\/strong>\n                    <\/div>\n                <\/td>\n                <td>\n                    <div align=\"left\">\n                    Acceso, rectificaci\u00f3n, supresi\u00f3n y otros derechos como se informa en                 la Informacion Adicional.<\/br>\n                    <\/div>\n                <\/td>\n            <\/tr>\n            <tr>\n                <td>\n                    <div align=\"left\">\n                    <strong>INFORMACI\u00d3N ADICIONAL:<\/strong>\n                    <\/div>\n                <\/td>\n                <td>\n                    <div align=\"left\">\n                    La informaci\u00f3n adicional est\u00e1 disponible en el portal de transparencia <a href=\"https:\/\/esteribar.sedelectronica.es\/transparency\" target=\"blank\">https:\/\/esteribar.sedelectronica.es\/transparency<\/a>.<\/br>\n                    <\/div>\n                <\/td>\n            <\/tr>\n        <\/table>\n    <\/div>\n<\/div>\n\t\t<\/div>\n\t<\/div>\n<\/div><\/div><\/div><\/div>\n","protected":false},"excerpt":{"rendered":"SUBCRIPCI\u00d3N BOLET\u00cdN INFORMATIVO MUNICIPAL Aviso: Se requiere JavaScript para este contenido. RESPONSABLE: Ayuntamiento de Esteribar. FINALIDAD: Atender las consultas y sugerencias de la ciudadan\u00eda. DERECHOS: Acceso, rectificaci\u00f3n, supresi\u00f3n y otros derechos como se informa en la Informacion Adicional. INFORMACI\u00d3N ADICIONAL: La informaci\u00f3n adicional est\u00e1 disponible en el portal de transparencia https:\/\/esteribar.sedelectronica.es\/transparency.","protected":false},"author":2,"featured_media":0,"parent":0,"menu_order":0,"comment_status":"closed","ping_status":"closed","template":"","meta":{"footnotes":""},"class_list":["post-8662","page","type-page","status-publish","hentry"],"_links":{"self":[{"href":"https:\/\/www.esteribar.org\/esteribar.esp\/wp-json\/wp\/v2\/pages\/8662","targetHints":{"allow":["GET"]}}],"collection":[{"href":"https:\/\/www.esteribar.org\/esteribar.esp\/wp-json\/wp\/v2\/pages"}],"about":[{"href":"https:\/\/www.esteribar.org\/esteribar.esp\/wp-json\/wp\/v2\/types\/page"}],"author":[{"embeddable":true,"href":"https:\/\/www.esteribar.org\/esteribar.esp\/wp-json\/wp\/v2\/users\/2"}],"replies":[{"embeddable":true,"href":"https:\/\/www.esteribar.org\/esteribar.esp\/wp-json\/wp\/v2\/comments?post=8662"}],"version-history":[{"count":9,"href":"https:\/\/www.esteribar.org\/esteribar.esp\/wp-json\/wp\/v2\/pages\/8662\/revisions"}],"predecessor-version":[{"id":10799,"href":"https:\/\/www.esteribar.org\/esteribar.esp\/wp-json\/wp\/v2\/pages\/8662\/revisions\/10799"}],"wp:attachment":[{"href":"https:\/\/www.esteribar.org\/esteribar.esp\/wp-json\/wp\/v2\/media?parent=8662"}],"curies":[{"name":"wp","href":"https:\/\/api.w.org\/{rel}","templated":true}]}}