{"id":13103,"date":"2025-06-13T09:09:00","date_gmt":"2025-06-13T09:09:00","guid":{"rendered":"https:\/\/www.esteribar.org\/esteribar.esp\/?page_id=13103"},"modified":"2025-06-16T08:42:07","modified_gmt":"2025-06-16T08:42:07","slug":"pil-2026-2028","status":"publish","type":"page","link":"https:\/\/www.esteribar.org\/esteribar.esp\/pil-2026-2028\/","title":{"rendered":"PIL 2026-2028"},"content":{"rendered":"<div class=\"vc_row wpb_row vc_row-fluid\"><div class=\"wpb_column vc_column_container vc_col-sm-12\"><div class=\"vc_column-inner\"><div class=\"wpb_wrapper\"><div class=\"vc_empty_space\"   style=\"height: 64px\"><span class=\"vc_empty_space_inner\"><\/span><\/div>\n\t<div class=\"wpb_text_column wpb_content_element ovic_vc_custom_684fd8df5eb2d \" >\n\t\t<div class=\"wpb_wrapper\">\n\t\t\t<div class=\"margin-top-40 section-title text-center\">\n<h3 style=\"color: #c99947; text-align: center;\">PIL 2026-2028<\/h3>\n<\/div>\n\n\t\t<\/div>\n\t<\/div>\n\n\t<div class=\"wpb_text_column wpb_content_element ovic_vc_custom_684fd8df5eb33 \" >\n\t\t<div class=\"wpb_wrapper\">\n\t\t\t<h3 style=\"text-align: center;\">Mejora de infraestructuras municipales<\/h3>\n\n\t\t<\/div>\n\t<\/div>\n\n\t<div class=\"wpb_text_column wpb_content_element ovic_vc_custom_684fd8df5eb35 \" >\n\t\t<div class=\"wpb_wrapper\">\n\t\t\t<div class=\"ead-preview\"><div class=\"ead-document\" style=\"position: relative;\"><div class=\"ead-iframe-wrapper\"><iframe src=\"\/\/docs.google.com\/viewer?url=https%3A%2F%2Fwww.esteribar.org%2Festeribar.esp%2Fwp-content%2Fuploads%2F2025%2F06%2FPresentacion-PIL-TIP-aurkezpena-1.pdf&amp;embedded=true&amp;hl=en\" title=\"Documento incrustado\" class=\"ead-iframe\" style=\"width: 100%;height: 85%;border: none;min-height: 500px;visibility: hidden;\"><\/iframe><\/div>\t\t\t<div class=\"ead-document-loading\" style=\"width:100%;height:100%;position:absolute;left:0;top:0;z-index:10;\">\n\t\t\t\t<div class=\"ead-loading-wrap\">\n\t\t\t\t\t<div class=\"ead-loading-main\">\n\t\t\t\t\t\t<div class=\"ead-loading\">\n\t\t\t\t\t\t\t<img loading=\"lazy\" decoding=\"async\" src=\"https:\/\/www.esteribar.org\/esteribar.esp\/wp-content\/plugins\/embed-any-document\/images\/loading.svg\" width=\"55\" height=\"55\" alt=\"Cargador\">\n\t\t\t\t\t\t\t<span>Cargando...<\/span>\n\t\t\t\t\t\t<\/div>\n\t\t\t\t\t<\/div>\n\t\t\t\t\t<div class=\"ead-loading-foot\">\n\t\t\t\t\t\t<div class=\"ead-loading-foot-title\">\n\t\t\t\t\t\t\t<img loading=\"lazy\" decoding=\"async\" src=\"https:\/\/www.esteribar.org\/esteribar.esp\/wp-content\/plugins\/embed-any-document\/images\/EAD-logo.svg\" alt=\"Logotipo de EAD\" width=\"36\" height=\"23\"\/>\n\t\t\t\t\t\t\t<span>\u00bfTarda demasiado?<\/span>\n\t\t\t\t\t\t<\/div>\n\t\t\t\t\t\t<div class=\"ead-document-btn ead-reload-btn\" role=\"button\">\n\t\t\t\t\t\t\t\t<img loading=\"lazy\" decoding=\"async\" src=\"https:\/\/www.esteribar.org\/esteribar.esp\/wp-content\/plugins\/embed-any-document\/images\/reload.svg\" alt=\"Recargar\" width=\"12\" height=\"12\"\/> Recargar el documento\t\t\t\t\t\t\t<\/div>\n\t\t\t\t\t\t\t<span>|<\/span>\n\t\t\t\t\t\t\t<a href=\"https:\/\/www.esteribar.org\/esteribar.esp\/wp-content\/uploads\/2025\/06\/Presentacion-PIL-TIP-aurkezpena-1.pdf\" class=\"ead-document-btn\" target=\"_blank\">\n\t\t\t\t\t\t\t\t<img loading=\"lazy\" decoding=\"async\" src=\"https:\/\/www.esteribar.org\/esteribar.esp\/wp-content\/plugins\/embed-any-document\/images\/open.svg\" alt=\"Abrir\" width=\"12\" height=\"12\"\/> Abrir en una nueva pesta\u00f1a\t\t\t\t\t\t\t<\/a>\n\t\t\t\t\t<\/div>\n\t\t\t\t<\/div>\n\t\t\t<\/div>\n\t\t<\/div><\/div>\n\n\t\t<\/div>\n\t<\/div>\n<div class=\"vc_empty_space\"   style=\"height: 64px\"><span class=\"vc_empty_space_inner\"><\/span><\/div><\/div><\/div><\/div><div class=\"wpb_column vc_column_container vc_col-sm-12\"><div class=\"vc_column-inner\"><div class=\"wpb_wrapper\">\n\t<div class=\"wpb_raw_code wpb_content_element wpb_raw_html ovic_vc_custom_684fd8df5eb37 \" >\n\t\t<div class=\"wpb_wrapper\">\n\t\t\t<style>\n  \/* --- Estilos espec\u00edficos de la tabla de informaci\u00f3n --- *\/\n  .info-table{\n      width:100%;\n      border-collapse:collapse;\n      border:0;                 \/* TABLA sin borde            *\/\n  }\n  .info-table tr,\n  .info-table td{\n      border:0;                 \/* FILAS y CELDAS sin borde   *\/\n  }\n  .info-table td{\n      padding:8px 10px;\n      vertical-align:middle;\nfont-weight: 700;\n      text-transform:uppercase; \/* TODO en may\u00fasculas         *\/\n  }\n  .btn-info{\n      display:inline-block;\n      background:#000;\n      color:#fff;\nfont-weight: normal;\n      padding:8px 16px;\n      text-decoration:none;\n      border:0;\n      border-radius:0;          \/* Rectangular                *\/\n      text-transform:uppercase; \/* Asegura may\u00fasculas en bot\u00f3n*\/\n  }\n  .btn-info:hover{\nbackground-color:#c99947\n  }\n<\/style>\n\n<table class=\"info-table\">\n<tr>\n    <td>SARASIBAR: PAVIMENTACI\u00d3N DE LAS CALLES Y RENOVACI\u00d3N DE LAS REDES<\/td>\n    <td><a href=\"https:\/\/www.esteribar.org\/esteribar.esp\/wp-content\/uploads\/2025\/06\/SARASIBAR-Pavimentacion-calles-y-redes.pdf\" class=\"btn-info\" target=\"_blank\">M\u00c1S INFORMACI\u00d3N<\/a><\/td>\n  <\/tr>\n  <tr>\n    <td>URTASUN \u2013 RENOVACI\u00d3N PAVIMENTACI\u00d3N CALLE LA ASUNCI\u00d3N<\/td>\n    <td><a href=\"https:\/\/www.esteribar.org\/esteribar.esp\/wp-content\/uploads\/2025\/06\/URTASUN-Pavimentacion-sin-redes.pdf\" class=\"btn-info\" target=\"_blank\">M\u00c1S INFORMACI\u00d3N<\/a><\/td>\n  <\/tr>\n  <tr>\n    <td>OLLOKI \u2013 PASO SEGURO EN LA N-135 DESDE EL PUEBLO A LAS HUERTAS<\/td>\n    <td><a href=\"https:\/\/www.esteribar.org\/esteribar.esp\/wp-content\/uploads\/2025\/06\/OLLOKI-Paso-peatonal-N135.pdf\" class=\"btn-info\" target=\"_blank\">M\u00c1S INFORMACI\u00d3N<\/a><\/td>\n  <\/tr>\n  <tr>\n    <td>AKERRETA \u2013 ARREGLO GENERAL DE LAS CALLES<\/td>\n    <td><a href=\"https:\/\/www.esteribar.org\/esteribar.esp\/wp-content\/uploads\/2025\/06\/AKERRETA-PAVIMENTACION-SIN-REDES.pdf\" class=\"btn-info\" target=\"_blank\">M\u00c1S INFORMACI\u00d3N<\/a><\/td>\n  <\/tr>\n  <tr>\n    <td>SAIGOTS \u2013 RECONSTRUCCI\u00d3N MURO DE CONTENCI\u00d3N<\/td>\n    <td><a href=\"https:\/\/www.esteribar.org\/esteribar.esp\/wp-content\/uploads\/2025\/06\/SAIGOTS-Muro.pdf\" class=\"btn-info\" target=\"_blank\">M\u00c1S INFORMACI\u00d3N<\/a><\/td>\n  <\/tr>\n  <tr>\n    <td>URDAITZ \u2013 RENOVACI\u00d3N PAVIMENTO CALLES SAN ANT\u00d3N Y ELIZAZAR<\/td>\n    <td><a href=\"https:\/\/www.esteribar.org\/esteribar.esp\/wp-content\/uploads\/2025\/06\/URDAITZ-PAV-SIN-REDES-f.pdf\" class=\"btn-info\" target=\"_blank\">M\u00c1S INFORMACI\u00d3N<\/a><\/td>\n  <\/tr>\n  <tr>\n    <td>ZUBIRI \u2013 PROLONGACI\u00d3N DE LA ACERA HASTA EL GAU TXORI<\/td>\n    <td><a href=\"https:\/\/www.esteribar.org\/esteribar.esp\/wp-content\/uploads\/2025\/06\/ZUBIRI-TRAMO-NORTE-f.pdf\" class=\"btn-info\" target=\"_blank\">M\u00c1S INFORMACI\u00d3N<\/a><\/td>\n  <\/tr>\n  <tr>\n    <td>INBULUZKETA \u2013 RECALCE Y CONSOLIDACI\u00d3N DEL PUENTE<\/td>\n    <td><a href=\"https:\/\/www.esteribar.org\/esteribar.esp\/wp-content\/uploads\/2025\/06\/INBULUZKETA-PUENTE.pdf\" class=\"btn-info\" target=\"_blank\">M\u00c1S INFORMACI\u00d3N<\/a><\/td>\n  <\/tr>\n  <tr>\n    <td>SETOAIN \u2013 ARREGLO CEMENTERIO Y SU ACCESO<\/td>\n    <td><a href=\"https:\/\/www.esteribar.org\/esteribar.esp\/wp-content\/uploads\/2025\/06\/SETOAIN-Cementerio_signed.pdf\" class=\"btn-info\" target=\"_blank\">M\u00c1S INFORMACI\u00d3N<\/a><\/td>\n  <\/tr>\n  <tr>\n    <td>OLLOKI \u2013 REHABILITACI\u00d3N FRONT\u00d3N<\/td>\n    <td><a href=\"https:\/\/www.esteribar.org\/esteribar.esp\/wp-content\/uploads\/2025\/06\/OLLOKI-Rehabilitacion-Fronton_r1_f.pdf\" class=\"btn-info\" target=\"_blank\">M\u00c1S INFORMACI\u00d3N<\/a><\/td>\n  <\/tr>\n<tr>\n    <td>AGORRETA - MEJORA ABASTECIMIENTO<\/td>\n    <td><a href=\"https:\/\/www.esteribar.org\/esteribar.esp\/wp-content\/uploads\/2025\/06\/Agorreta-Mejora-abastecimiento.pdf\" class=\"btn-info\" target=\"_blank\">M\u00c1S INFORMACI\u00d3N<\/a><\/td>\n  <\/tr>\n\n\n<\/table>\n\n\t\t<\/div>\n\t<\/div>\n<\/div><\/div><\/div><\/div>\n","protected":false},"excerpt":{"rendered":"PIL 2026-2028 Mejora de infraestructuras municipales Cargando... \u00bfTarda demasiado? Recargar el documento | Abrir en una nueva pesta\u00f1a SARASIBAR: PAVIMENTACI\u00d3N DE LAS CALLES Y RENOVACI\u00d3N DE LAS REDES M\u00c1S INFORMACI\u00d3N URTASUN \u2013 RENOVACI\u00d3N PAVIMENTACI\u00d3N CALLE LA ASUNCI\u00d3N M\u00c1S INFORMACI\u00d3N OLLOKI \u2013 PASO SEGURO EN LA N-135 DESDE EL PUEBLO A LAS HUERTAS M\u00c1S INFORMACI\u00d3N AKERRETA [...]","protected":false},"author":3,"featured_media":0,"parent":0,"menu_order":0,"comment_status":"closed","ping_status":"closed","template":"","meta":{"footnotes":""},"class_list":["post-13103","page","type-page","status-publish","hentry"],"_links":{"self":[{"href":"https:\/\/www.esteribar.org\/esteribar.esp\/wp-json\/wp\/v2\/pages\/13103","targetHints":{"allow":["GET"]}}],"collection":[{"href":"https:\/\/www.esteribar.org\/esteribar.esp\/wp-json\/wp\/v2\/pages"}],"about":[{"href":"https:\/\/www.esteribar.org\/esteribar.esp\/wp-json\/wp\/v2\/types\/page"}],"author":[{"embeddable":true,"href":"https:\/\/www.esteribar.org\/esteribar.esp\/wp-json\/wp\/v2\/users\/3"}],"replies":[{"embeddable":true,"href":"https:\/\/www.esteribar.org\/esteribar.esp\/wp-json\/wp\/v2\/comments?post=13103"}],"version-history":[{"count":21,"href":"https:\/\/www.esteribar.org\/esteribar.esp\/wp-json\/wp\/v2\/pages\/13103\/revisions"}],"predecessor-version":[{"id":13142,"href":"https:\/\/www.esteribar.org\/esteribar.esp\/wp-json\/wp\/v2\/pages\/13103\/revisions\/13142"}],"wp:attachment":[{"href":"https:\/\/www.esteribar.org\/esteribar.esp\/wp-json\/wp\/v2\/media?parent=13103"}],"curies":[{"name":"wp","href":"https:\/\/api.w.org\/{rel}","templated":true}]}}